{"id":1841,"date":"2020-11-13T14:41:13","date_gmt":"2020-11-13T14:41:13","guid":{"rendered":"http:\/\/www.talokaveri.fi\/demo\/?page_id=1841"},"modified":"2020-11-13T14:45:01","modified_gmt":"2020-11-13T14:45:01","slug":"keskutelupalsta","status":"publish","type":"page","link":"https:\/\/www.talokaveri.fi\/demo\/keskutelupalsta","title":{"rendered":"Keskustelupalsta"},"content":{"rendered":"\n<div id=\"bbpress-forums\" class=\"bbpress-wrapper\">\n\n\t\n\t<div class=\"bbp-search-form\">\n\t\t<form role=\"search\" method=\"get\" id=\"bbp-search-form\">\n\t\t\t<div>\n\t\t\t\t<label class=\"screen-reader-text hidden\" for=\"bbp_search\">Etsi:<\/label>\n\t\t\t\t<input type=\"hidden\" name=\"action\" value=\"bbp-search-request\" \/>\n\t\t\t\t<input type=\"text\" value=\"\" name=\"bbp_search\" id=\"bbp_search\" \/>\n\t\t\t\t<input class=\"button\" type=\"submit\" id=\"bbp_search_submit\" value=\"Etsi\" \/>\n\t\t\t<\/div>\n\t\t<\/form>\n\t<\/div>\n\n\n\t<div class=\"bbp-breadcrumb\"><p><a href=\"https:\/\/www.talokaveri.fi\/demo\" class=\"bbp-breadcrumb-home\">Frontpage<\/a> <span class=\"bbp-breadcrumb-sep\">&rsaquo;<\/span> <span class=\"bbp-breadcrumb-current\">Foorumit<\/span><\/p><\/div>\n\t\n\t\n\t\n\t\t\n<ul id=\"forums-list-0\" class=\"bbp-forums\">\n\n\t<li class=\"bbp-header\">\n\n\t\t<ul class=\"forum-titles\">\n\t\t\t<li class=\"bbp-forum-info\">Foorumi<\/li>\n\t\t\t<li class=\"bbp-forum-topic-count\">Aiheet<\/li>\n\t\t\t<li class=\"bbp-forum-reply-count\">Artikkelit<\/li>\n\t\t\t<li class=\"bbp-forum-freshness\">Viimeisin julkasu<\/li>\n\t\t<\/ul>\n\n\t<\/li><!-- .bbp-header -->\n\n\t<li class=\"bbp-body\">\n\n\t\t\n\t\t\t\n<ul id=\"bbp-forum-1790\" class=\"loop-item-0 bbp-forum-status-open bbp-forum-visibility-publish odd  post-1790 forum type-forum status-publish hentry\">\n\t<li class=\"bbp-forum-info\">\n\n\t\t\n\t\t\n\t\t<a class=\"bbp-forum-title\" href=\"https:\/\/www.talokaveri.fi\/demo\/forums\/forum\/saunojat\">Saunojat<\/a>\n\n\t\t\n\t\t\n\t\t<div class=\"bbp-forum-content\">T\u00e4\u00e4ll\u00e4 keskustellaan saunasta, saunatilasta ja ilmoitetaan jos vuoroja vapautuu<\/div>\n\n\t\t\n\t\t\n\t\t\n\t\t\n\t\t\n\t<\/li>\n\n\t<li class=\"bbp-forum-topic-count\">1<\/li>\n\n\t<li class=\"bbp-forum-reply-count\">1<\/li>\n\n\t<li class=\"bbp-forum-freshness\">\n\n\t\t\n\t\t<a href=\"https:\/\/www.talokaveri.fi\/demo\/forums\/topic\/lenkkisauna-taas-kaytossa\" title=\"Lenkkisauna taas k\u00e4yt\u00f6ss\u00e4\">5 vuotta, 4 kuukautta sitten<\/a>\n\t\t\n\t\t<p class=\"bbp-topic-meta\">\n\n\t\t\t\n\t\t\t<span class=\"bbp-topic-freshness-author\"><a href=\"https:\/\/www.talokaveri.fi\/demo\/jasenet\/admin\/\" title=\"N\u00e4yt\u00e4 k\u00e4ytt\u00e4j\u00e4n admin profiili\" class=\"bbp-author-link\"><span  class=\"bbp-author-avatar\"><img alt='' src='\/\/www.gravatar.com\/avatar\/9fb1b6fe21362f8f085f1ebc30a6aa5c?s=14&#038;r=g&#038;d=mm' srcset='\/\/www.gravatar.com\/avatar\/9fb1b6fe21362f8f085f1ebc30a6aa5c?s=14&#038;r=g&#038;d=mm 2x' class='avatar avatar-14 photo' height='14' width='14' loading='lazy'\/><\/span><span  class=\"bbp-author-name\">admin<\/span><\/a><\/span>\n\n\t\t\t\n\t\t<\/p>\n\t<\/li>\n<\/ul><!-- #bbp-forum-1790 -->\n\n\t\t\n\t\t\t\n<ul id=\"bbp-forum-1208\" class=\"loop-item-1 bbp-forum-status-open bbp-forum-visibility-publish even  post-1208 forum type-forum status-publish hentry\">\n\t<li class=\"bbp-forum-info\">\n\n\t\t\n\t\t\n\t\t<a class=\"bbp-forum-title\" href=\"https:\/\/www.talokaveri.fi\/demo\/forums\/forum\/vapautetut-saunavuorot\">Vapautetut saunavuorot<\/a>\n\n\t\t\n\t\t\n\t\t<div class=\"bbp-forum-content\"><\/div>\n\n\t\t\n\t\t\n\t\t\n\t\t\n\t\t\n\t<\/li>\n\n\t<li class=\"bbp-forum-topic-count\">1<\/li>\n\n\t<li class=\"bbp-forum-reply-count\">1<\/li>\n\n\t<li class=\"bbp-forum-freshness\">\n\n\t\t\n\t\t<a href=\"https:\/\/www.talokaveri.fi\/demo\/forums\/topic\/test\" title=\"Test\">5 vuotta, 5 kuukautta sitten<\/a>\n\t\t\n\t\t<p class=\"bbp-topic-meta\">\n\n\t\t\t\n\t\t\t<span class=\"bbp-topic-freshness-author\"><a href=\"https:\/\/www.talokaveri.fi\/demo\/jasenet\/admin\/\" title=\"N\u00e4yt\u00e4 k\u00e4ytt\u00e4j\u00e4n admin profiili\" class=\"bbp-author-link\"><span  class=\"bbp-author-avatar\"><img alt='' src='\/\/www.gravatar.com\/avatar\/9fb1b6fe21362f8f085f1ebc30a6aa5c?s=14&#038;r=g&#038;d=mm' srcset='\/\/www.gravatar.com\/avatar\/9fb1b6fe21362f8f085f1ebc30a6aa5c?s=14&#038;r=g&#038;d=mm 2x' class='avatar avatar-14 photo' height='14' width='14' loading='lazy'\/><\/span><span  class=\"bbp-author-name\">admin<\/span><\/a><\/span>\n\n\t\t\t\n\t\t<\/p>\n\t<\/li>\n<\/ul><!-- #bbp-forum-1208 -->\n\n\t\t\n\t<\/li><!-- .bbp-body -->\n\n\t<li class=\"bbp-footer\">\n\n\t\t<div class=\"tr\">\n\t\t\t<p class=\"td colspan4\">&nbsp;<\/p>\n\t\t<\/div><!-- .tr -->\n\n\t<\/li><!-- .bbp-footer -->\n\n<\/ul><!-- .forums-directory -->\n\n\n\t\n\t\n<\/div>\n\n","protected":false},"excerpt":{"rendered":"","protected":false},"author":1,"featured_media":0,"parent":0,"menu_order":0,"comment_status":"closed","ping_status":"closed","template":"","meta":{"_bbp_topic_count":0,"_bbp_reply_count":0,"_bbp_total_topic_count":0,"_bbp_total_reply_count":0,"_bbp_voice_count":0,"_bbp_anonymous_reply_count":0,"_bbp_topic_count_hidden":0,"_bbp_reply_count_hidden":0,"_bbp_forum_subforum_count":0},"_links":{"self":[{"href":"https:\/\/www.talokaveri.fi\/demo\/wp-json\/wp\/v2\/pages\/1841"}],"collection":[{"href":"https:\/\/www.talokaveri.fi\/demo\/wp-json\/wp\/v2\/pages"}],"about":[{"href":"https:\/\/www.talokaveri.fi\/demo\/wp-json\/wp\/v2\/types\/page"}],"author":[{"embeddable":true,"href":"https:\/\/www.talokaveri.fi\/demo\/wp-json\/wp\/v2\/users\/1"}],"replies":[{"embeddable":true,"href":"https:\/\/www.talokaveri.fi\/demo\/wp-json\/wp\/v2\/comments?post=1841"}],"version-history":[{"count":4,"href":"https:\/\/www.talokaveri.fi\/demo\/wp-json\/wp\/v2\/pages\/1841\/revisions"}],"predecessor-version":[{"id":1846,"href":"https:\/\/www.talokaveri.fi\/demo\/wp-json\/wp\/v2\/pages\/1841\/revisions\/1846"}],"wp:attachment":[{"href":"https:\/\/www.talokaveri.fi\/demo\/wp-json\/wp\/v2\/media?parent=1841"}],"curies":[{"name":"wp","href":"https:\/\/api.w.org\/{rel}","templated":true}]}}